{"id":144,"date":"2010-10-20T13:21:31","date_gmt":"2010-10-20T11:21:31","guid":{"rendered":"http:\/\/www.berapro.de\/wp\/?page_id=144"},"modified":"2011-03-20T19:10:41","modified_gmt":"2011-03-20T17:10:41","slug":"kapitalanlage","status":"publish","type":"page","link":"https:\/\/www.berapro.de\/wp\/?page_id=144","title":{"rendered":"Kapitalanlage"},"content":{"rendered":"<h4 style=\"text-align: left;\"><strong>Die Kapitalanlage-Immobilie bietet einen  langfristigen Verm\u00f6gensaufbau<\/strong><\/h4>\n<p style=\"text-align: left;\">Immobilienbesitz war und ist eine der klassischen S\u00e4ulen der Verm\u00f6gensanlage und  steht heute in der Erfolgsstrategie der Investoren an vorderster Stelle. Keine  andere Anlageart garantiert soviel Sicherheit, Inflationsschutz und Wertzuwachs.  Gerade nach den Turbulenzen an den Wertpapierm\u00e4rkten, den immer geringer  werdenden Renditen im Bereich der Renten und Lebensversicherungen und den  unsicheren Rentenerwartungen ist die Immobilie im Verm\u00f6gensaufbau die wichtigste  S\u00e4ule. Das Gesamtrisiko f\u00fcr Marktzyklen wird gesenkt und die Rendite erh\u00f6ht und  stabilisiert.<\/p>\n<h4 style=\"text-align: left;\"><strong>Ein stabiles Einkommen \u00fcber das  Berufsleben hinaus<\/strong><\/h4>\n<p style=\"text-align: left;\">Investitionen in Sachwerte sollten immer langfristig, mit einer Zeitperspektive  von mindestens zehn Jahren, angelegt sein, auch um die steuerlichen Vorteile  voll auszusch\u00f6pfen. Dient die Immobilie der Altersvorsorge, ist die Bindung noch  l\u00e4nger. Immobilien bieten eine stabile Rendite bei geringem Risiko und die  Mieteinnahmen sichern das Einkommen \u00fcber das Berufsleben hinaus.<\/p>\n<h4 style=\"text-align: left;\"><strong>Miete und Wertsteigerung<\/strong><\/h4>\n<p style=\"text-align: left;\">Die Vergangenheit zeigt: Wer vor 40 Jahren eine Wohnung oder ein Haus gekauft  hat, hat sein Verm\u00f6gen bis heute vervielfacht. Immobilienbesitz ist eine  hervorragende M\u00f6glichkeit, Verm\u00f6gen g\u00fcnstig zu schaffen und es ohne  Inflationsrisiko zu vermehren, denn die Miete kann dem Inflationsverlauf  angepasst werden.<\/p>\n<h4 style=\"text-align: left;\"><strong>Der Staat beteiligt sich<\/strong><\/h4>\n<p style=\"text-align: left;\">Neben der attraktiven Rendite und der Wertsteigerung bieten Immobilien noch  einen weiteren entscheidenden Vorteil: Sie senken die Steuerlast, denn der Staat  beteiligt sich an Ihrem Verm\u00f6gensaufbau durch sofortige und j\u00e4hrliche  Abschreibungen.<\/p>\n<h4 style=\"text-align: left;\"><strong>Werterhalt bei  Vererbung<\/strong><\/h4>\n<p style=\"text-align: left;\">Eine vermietete Immobilie ist eine hervorragende Kapitalanlage. Sie bietet  hohe Sicherheit, Steuervorteile, Inflationsschutz, Rendite und eine  Einkommensquelle im Alter. Immobilien sind eine greifbare Einheit, die Sie  anfassen und an Ihre Kinder weitergeben k\u00f6nnen und so einen Beitrag zur  k\u00fcnftigen Verm\u00f6genssituation leisten.<\/p>\n","protected":false},"excerpt":{"rendered":"<p>Die Kapitalanlage-Immobilie bietet einen langfristigen Verm\u00f6gensaufbau Immobilienbesitz war und ist eine der klassischen S\u00e4ulen der Verm\u00f6gensanlage und steht heute in der Erfolgsstrategie der Investoren an vorderster Stelle. Keine andere Anlageart garantiert soviel Sicherheit, Inflationsschutz und Wertzuwachs. Gerade nach den Turbulenzen an den Wertpapierm\u00e4rkten, den immer geringer werdenden Renditen im Bereich der Renten und Lebensversicherungen und [&hellip;]<\/p>\n","protected":false},"author":1,"featured_media":0,"parent":140,"menu_order":10,"comment_status":"closed","ping_status":"closed","template":"","meta":{"ngg_post_thumbnail":0,"footnotes":""},"class_list":["post-144","page","type-page","status-publish","hentry"],"aioseo_notices":[],"_links":{"self":[{"href":"https:\/\/www.berapro.de\/wp\/index.php?rest_route=\/wp\/v2\/pages\/144","targetHints":{"allow":["GET"]}}],"collection":[{"href":"https:\/\/www.berapro.de\/wp\/index.php?rest_route=\/wp\/v2\/pages"}],"about":[{"href":"https:\/\/www.berapro.de\/wp\/index.php?rest_route=\/wp\/v2\/types\/page"}],"author":[{"embeddable":true,"href":"https:\/\/www.berapro.de\/wp\/index.php?rest_route=\/wp\/v2\/users\/1"}],"replies":[{"embeddable":true,"href":"https:\/\/www.berapro.de\/wp\/index.php?rest_route=%2Fwp%2Fv2%2Fcomments&post=144"}],"version-history":[{"count":5,"href":"https:\/\/www.berapro.de\/wp\/index.php?rest_route=\/wp\/v2\/pages\/144\/revisions"}],"predecessor-version":[{"id":283,"href":"https:\/\/www.berapro.de\/wp\/index.php?rest_route=\/wp\/v2\/pages\/144\/revisions\/283"}],"up":[{"embeddable":true,"href":"https:\/\/www.berapro.de\/wp\/index.php?rest_route=\/wp\/v2\/pages\/140"}],"wp:attachment":[{"href":"https:\/\/www.berapro.de\/wp\/index.php?rest_route=%2Fwp%2Fv2%2Fmedia&parent=144"}],"curies":[{"name":"wp","href":"https:\/\/api.w.org\/{rel}","templated":true}]}}